{"id":19,"date":"2026-03-29T14:48:00","date_gmt":"2026-03-29T13:48:00","guid":{"rendered":"https:\/\/bengalosauce.se\/?page_id=19"},"modified":"2026-04-07T16:43:30","modified_gmt":"2026-04-07T15:43:30","slug":"bengalo","status":"publish","type":"page","link":"https:\/\/bengalosauce.se\/","title":{"rendered":"Bengalo"},"content":{"rendered":"<section id=\"original\" class=\"bde-section-19-145 bde-section\">\n  \n  \n\t\n\n\n\n<div class=\"section-container\"><div class=\"bde-columns-19-146 bde-columns\"><div class=\"bde-column-19-147 bde-column\">\n  \n  \n\t\n\n\n\n<h2 class=\"bde-heading-19-148 bde-heading\">\nBengalo Original Starks\u00e5s\n<\/h2><div class=\"bde-text-19-149 bde-text\">\nBengalo Original \u00e4r f\u00f6rst ut, st\u00f6rst i k\u00e4ften och fortfarande den som s\u00e4tter tonen. Samma recept sedan 2020, f\u00f6r det finns ingen anledning att b\u00f6rja pilla i n\u00e5got som redan har ryggrad. Fermenterad chili, tid och naturlig j\u00e4sning ger s\u00e5sen ett djup och en syra som f\u00e5r hettan att landa r\u00e4tt. Rakt, stadigt och utan trams. <br><br>Det h\u00e4r h\u00f6r hemma i s\u00f6dra Sverige. Vid grillen, p\u00e5 altanen, till en burgare som droppar l\u00e4ngs fingrarna eller en k\u00f6ttabit som bara beh\u00f6vde eld och t\u00e5lamod. Lite Malme som f\u00f6rr, sotigt, h\u00f6gljutt och fullt av liv. En levande s\u00e5s med karakt\u00e4r, gjord i Malm\u00f6.\n<\/div><img decoding=\"async\" class=\"bde-image2-19-150 bde-image2\" src=\"https:\/\/bengalosauce.se\/wp-content\/uploads\/2026\/03\/bengalo-logo-e1774795397215.png\" loading=\"lazy\" srcset=\"https:\/\/bengalosauce.se\/wp-content\/uploads\/2026\/03\/bengalo-logo-e1774795397215.png 584w, https:\/\/bengalosauce.se\/wp-content\/uploads\/2026\/03\/bengalo-logo-e1774795397215-300x210.png 300w\" sizes=\"(max-width: 584px) 100vw, 584px\">\n<\/div><div class=\"bde-column-19-151 bde-column\">\n  \n  \n\t\n\n\n\n<img decoding=\"async\" class=\"bde-image2-19-152 bde-image2\" src=\"https:\/\/bengalosauce.se\/wp-content\/uploads\/2026\/03\/icon-bengalo-e1774793868475.png\" loading=\"lazy\" srcset=\"https:\/\/bengalosauce.se\/wp-content\/uploads\/2026\/03\/icon-bengalo-e1774793868475.png 625w, https:\/\/bengalosauce.se\/wp-content\/uploads\/2026\/03\/icon-bengalo-e1774793868475-300x292.png 300w\" sizes=\"(max-width: 625px) 100vw, 625px\">\n<\/div><\/div><\/div>\n<\/section><section id=\"xtra\" class=\"bde-section-19-105 bde-section\">\n  \n  \n\t\n\n\n\n<div class=\"section-container\"><div class=\"bde-columns-19-107 bde-columns\"><div class=\"bde-column-19-108 bde-column\">\n  \n  \n\t\n\n\n\n<img decoding=\"async\" class=\"bde-image2-19-153 bde-image2\" src=\"https:\/\/bengalosauce.se\/wp-content\/uploads\/2026\/03\/bengalo-xtra-stark-starksas-e1774798717299.png\" loading=\"lazy\" srcset=\"https:\/\/bengalosauce.se\/wp-content\/uploads\/2026\/03\/bengalo-xtra-stark-starksas-e1774798717299.png 1185w, https:\/\/bengalosauce.se\/wp-content\/uploads\/2026\/03\/bengalo-xtra-stark-starksas-e1774798717299-300x161.png 300w, https:\/\/bengalosauce.se\/wp-content\/uploads\/2026\/03\/bengalo-xtra-stark-starksas-e1774798717299-1024x550.png 1024w, https:\/\/bengalosauce.se\/wp-content\/uploads\/2026\/03\/bengalo-xtra-stark-starksas-e1774798717299-768x412.png 768w\" sizes=\"(max-width: 1185px) 100vw, 1185px\"><div class=\"bde-text-19-120 bde-text\">\nBengalo Extra Stark \u00e4r f\u00f6r dig som tycker att vanlig starks\u00e5s mest \u00e4r uppv\u00e4rmning. H\u00e4r har vi skruvat upp allt ett par varv till, men utan att tappa grunden. Samma t\u00e4nk som fr\u00e5n b\u00f6rjan, fast med mer habanero, mer tryck och mer hetta som h\u00e4nger kvar. Fermenteringen ger fortfarande djup och syra, men h\u00e4r biter det till snabbare och sitter i l\u00e4ngre. Habaneron g\u00f6r ocks\u00e5 sitt, inte bara med sting utan med den d\u00e4r fruktiga tonen som kommer f\u00f6rst och sen sm\u00e4ller till ordentligt. Det h\u00e4r \u00e4r ingen s\u00e5s man r\u00e5kar ta lite f\u00f6r mycket av. Det h\u00e4r \u00e4r f\u00f6r folk som menar allvar.<br><br>Den h\u00f6r hemma d\u00e4r elden aldrig riktigt d\u00f6r ut. Till grillat, burgare, k\u00f6tt med ordentlig stekyta och kv\u00e4llar som drar ut l\u00e4ngre \u00e4n de borde. Lite r\u00e5are, lite st\u00f6kigare och med mer Malm\u00f6 i blodet. En levande s\u00e5s med attityd, gjord f\u00f6r dem som inte backar.\n<\/div><img decoding=\"async\" class=\"bde-image2-19-121 bde-image2\" src=\"https:\/\/bengalosauce.se\/wp-content\/uploads\/2026\/03\/bengalo-logo-e1774795397215.png\" loading=\"lazy\" srcset=\"https:\/\/bengalosauce.se\/wp-content\/uploads\/2026\/03\/bengalo-logo-e1774795397215.png 584w, https:\/\/bengalosauce.se\/wp-content\/uploads\/2026\/03\/bengalo-logo-e1774795397215-300x210.png 300w\" sizes=\"(max-width: 584px) 100vw, 584px\">\n<\/div><div class=\"bde-column-19-109 bde-column\">\n  \n  \n\t\n\n\n\n<img decoding=\"async\" class=\"bde-image2-19-112 bde-image2\" src=\"https:\/\/bengalosauce.se\/wp-content\/uploads\/2026\/03\/icon-bengalo-e1774793868475.png\" loading=\"lazy\" srcset=\"https:\/\/bengalosauce.se\/wp-content\/uploads\/2026\/03\/icon-bengalo-e1774793868475.png 625w, https:\/\/bengalosauce.se\/wp-content\/uploads\/2026\/03\/icon-bengalo-e1774793868475-300x292.png 300w\" sizes=\"(max-width: 625px) 100vw, 625px\">\n<\/div><\/div><\/div>\n<\/section><section id=\"umami\" class=\"bde-section-19-122 bde-section\">\n  \n  \n\t\n\n\n\n<div class=\"section-container\"><div class=\"bde-columns-19-123 bde-columns\"><div class=\"bde-column-19-124 bde-column\">\n  \n  \n\t\n\n\n\n<div class=\"bde-div-19-130 bde-div\">\n  \n  \n\t\n\n\n\n<h2 class=\"bde-heading-19-125 bde-heading\">\nSpicy Umami\n<\/h2>\n<\/div><div class=\"bde-div-19-132 bde-div\">\n  \n  \n\t\n\n\n\n<h3 class=\"bde-heading-19-133 bde-heading\">\nStarks\u00e5s\n<\/h3>\n<\/div><div class=\"bde-text-19-126 bde-text\">\nBengalo Spicy Umami tar samma grund som allt annat vilar p\u00e5, men g\u00e5r rakt \u00e5t Asien. Fermenterad chili och naturlig j\u00e4sning bygger upp djup, syra och hetta, medan citrongr\u00e4s, limeblad, ingef\u00e4ra och sichuanpeppar ger s\u00e5sen en rundare kropp och ett tydligt asiatiskt drag. Den \u00e4r fyllig, djup och har ett sk\u00f6nt sting som lyfter maten utan att k\u00f6ra \u00f6ver allt annat. <br><br>Det h\u00e4r \u00e4r hemma i och p\u00e5 asiatiska matr\u00e4tter. \u00d6ver nudlar, ner i en wok, till ris, kylling eller fl\u00e4sk som beh\u00f6ver vakna till. Lite m\u00f6rkare, lite rundare och med mer sv\u00e4ng \u00e4n Original. Som Malme med blicken \u00f6sterut. Gjord i Malm\u00f6, utan trams.\n<\/div><img decoding=\"async\" class=\"bde-image2-19-127 bde-image2\" src=\"https:\/\/bengalosauce.se\/wp-content\/uploads\/2026\/03\/bengalo-logo-e1774795397215.png\" loading=\"lazy\" srcset=\"https:\/\/bengalosauce.se\/wp-content\/uploads\/2026\/03\/bengalo-logo-e1774795397215.png 584w, https:\/\/bengalosauce.se\/wp-content\/uploads\/2026\/03\/bengalo-logo-e1774795397215-300x210.png 300w\" sizes=\"(max-width: 584px) 100vw, 584px\">\n<\/div><div class=\"bde-column-19-128 bde-column\">\n  \n  \n\t\n\n\n\n<img decoding=\"async\" class=\"bde-image2-19-129 bde-image2\" src=\"https:\/\/bengalosauce.se\/wp-content\/uploads\/2026\/03\/icon-bengalo-e1774793868475.png\" loading=\"lazy\" srcset=\"https:\/\/bengalosauce.se\/wp-content\/uploads\/2026\/03\/icon-bengalo-e1774793868475.png 625w, https:\/\/bengalosauce.se\/wp-content\/uploads\/2026\/03\/icon-bengalo-e1774793868475-300x292.png 300w\" sizes=\"(max-width: 625px) 100vw, 625px\">\n<\/div><\/div><\/div>\n<\/section><section class=\"bde-section-19-154 bde-section\">\n              \n  \n  \n\t\n\n  <div class=\"section-background-overlay\"><\/div>\n\n\n<div class=\"section-container\"><h2 class=\"bde-heading-19-155 bde-heading\">\nBengalo Original Starks\u00e5s\n<\/h2><div class=\"bde-text-19-156 bde-text\">\nBengalo Original \u00e4r f\u00f6rst ut, st\u00f6rst i k\u00e4ften och fortfarande den som s\u00e4tter tonen. Samma recept sedan 2020, f\u00f6r det finns ingen anledning att b\u00f6rja pilla i n\u00e5got som redan har ryggrad. Fermenterad chili, tid och naturlig j\u00e4sning ger s\u00e5sen ett djup och en syra som f\u00e5r hettan att landa r\u00e4tt. Rakt, stadigt och utan trams. <br><br>Det h\u00e4r h\u00f6r hemma i s\u00f6dra Sverige. Vid grillen, p\u00e5 altanen, till en burgare som droppar l\u00e4ngs fingrarna eller en k\u00f6ttabit som bara beh\u00f6vde eld och t\u00e5lamod. Lite Malme som f\u00f6rr, sotigt, h\u00f6gljutt och fullt av liv. En levande s\u00e5s med karakt\u00e4r, gjord i Malm\u00f6.\n<\/div><img decoding=\"async\" class=\"bde-image2-19-157 bde-image2\" src=\"https:\/\/bengalosauce.se\/wp-content\/uploads\/2026\/03\/bengalo-logo-e1774795397215.png\" loading=\"lazy\" srcset=\"https:\/\/bengalosauce.se\/wp-content\/uploads\/2026\/03\/bengalo-logo-e1774795397215.png 584w, https:\/\/bengalosauce.se\/wp-content\/uploads\/2026\/03\/bengalo-logo-e1774795397215-300x210.png 300w\" sizes=\"(max-width: 584px) 100vw, 584px\"><\/div>\n<\/section><section class=\"bde-section-19-158 bde-section\">\n              \n  \n  \n\t\n\n  <div class=\"section-background-overlay\"><\/div>\n\n\n<div class=\"section-container\"><img decoding=\"async\" class=\"bde-image2-19-162 bde-image2\" src=\"https:\/\/bengalosauce.se\/wp-content\/uploads\/2026\/03\/bengalo-xtra-stark-starksas-e1774798717299.png\" loading=\"lazy\" srcset=\"https:\/\/bengalosauce.se\/wp-content\/uploads\/2026\/03\/bengalo-xtra-stark-starksas-e1774798717299.png 1185w, https:\/\/bengalosauce.se\/wp-content\/uploads\/2026\/03\/bengalo-xtra-stark-starksas-e1774798717299-300x161.png 300w, https:\/\/bengalosauce.se\/wp-content\/uploads\/2026\/03\/bengalo-xtra-stark-starksas-e1774798717299-1024x550.png 1024w, https:\/\/bengalosauce.se\/wp-content\/uploads\/2026\/03\/bengalo-xtra-stark-starksas-e1774798717299-768x412.png 768w\" sizes=\"(max-width: 1185px) 100vw, 1185px\"><div class=\"bde-text-19-160 bde-text\">\nBengalo Extra Stark \u00e4r f\u00f6r dig som tycker att vanlig starks\u00e5s mest \u00e4r uppv\u00e4rmning. H\u00e4r har vi skruvat upp allt ett par varv till, men utan att tappa grunden. Samma t\u00e4nk som fr\u00e5n b\u00f6rjan, fast med mer habanero, mer tryck och mer hetta som h\u00e4nger kvar. Fermenteringen ger fortfarande djup och syra, men h\u00e4r biter det till snabbare och sitter i l\u00e4ngre. Habaneron g\u00f6r ocks\u00e5 sitt, inte bara med sting utan med den d\u00e4r fruktiga tonen som kommer f\u00f6rst och sen sm\u00e4ller till ordentligt. Det h\u00e4r \u00e4r ingen s\u00e5s man r\u00e5kar ta lite f\u00f6r mycket av. Det h\u00e4r \u00e4r f\u00f6r folk som menar allvar.<br><br>Den h\u00f6r hemma d\u00e4r elden aldrig riktigt d\u00f6r ut. Till grillat, burgare, k\u00f6tt med ordentlig stekyta och kv\u00e4llar som drar ut l\u00e4ngre \u00e4n de borde. Lite r\u00e5are, lite st\u00f6kigare och med mer Malm\u00f6 i blodet. En levande s\u00e5s med attityd, gjord f\u00f6r dem som inte backar.\n<\/div><img decoding=\"async\" class=\"bde-image2-19-161 bde-image2\" src=\"https:\/\/bengalosauce.se\/wp-content\/uploads\/2026\/03\/bengalo-logo-e1774795397215.png\" loading=\"lazy\" srcset=\"https:\/\/bengalosauce.se\/wp-content\/uploads\/2026\/03\/bengalo-logo-e1774795397215.png 584w, https:\/\/bengalosauce.se\/wp-content\/uploads\/2026\/03\/bengalo-logo-e1774795397215-300x210.png 300w\" sizes=\"(max-width: 584px) 100vw, 584px\"><\/div>\n<\/section><section class=\"bde-section-19-163 bde-section\">\n              \n  \n  \n\t\n\n  <div class=\"section-background-overlay\"><\/div>\n\n\n<div class=\"section-container\"><div class=\"bde-div-19-167 bde-div\">\n  \n  \n\t\n\n\n\n<h2 class=\"bde-heading-19-168 bde-heading\">\nSpicy Umami\n<\/h2>\n<\/div><div class=\"bde-div-19-169 bde-div\">\n  \n  \n\t\n\n\n\n<h3 class=\"bde-heading-19-170 bde-heading\">\nStarks\u00e5s\n<\/h3>\n<\/div><div class=\"bde-text-19-165 bde-text\">\nBengalo Spicy Umami tar samma grund som allt annat vilar p\u00e5, men g\u00e5r rakt \u00e5t Asien. Fermenterad chili och naturlig j\u00e4sning bygger upp djup, syra och hetta, medan citrongr\u00e4s, limeblad, ingef\u00e4ra och sichuanpeppar ger s\u00e5sen en rundare kropp och ett tydligt asiatiskt drag. Den \u00e4r fyllig, djup och har ett sk\u00f6nt sting som lyfter maten utan att k\u00f6ra \u00f6ver allt annat. <br><br>Det h\u00e4r \u00e4r hemma i och p\u00e5 asiatiska matr\u00e4tter. \u00d6ver nudlar, ner i en wok, till ris, kylling eller fl\u00e4sk som beh\u00f6ver vakna till. Lite m\u00f6rkare, lite rundare och med mer sv\u00e4ng \u00e4n Original. Som Malme med blicken \u00f6sterut. Gjord i Malm\u00f6, utan trams.\n<\/div><img decoding=\"async\" class=\"bde-image2-19-166 bde-image2\" src=\"https:\/\/bengalosauce.se\/wp-content\/uploads\/2026\/03\/bengalo-logo-e1774795397215.png\" loading=\"lazy\" srcset=\"https:\/\/bengalosauce.se\/wp-content\/uploads\/2026\/03\/bengalo-logo-e1774795397215.png 584w, https:\/\/bengalosauce.se\/wp-content\/uploads\/2026\/03\/bengalo-logo-e1774795397215-300x210.png 300w\" sizes=\"(max-width: 584px) 100vw, 584px\"><\/div>\n<\/section><section id=\"kontakt\" class=\"bde-section-19-171 bde-section\">\n  \n  \n\t\n\n\n\n<div class=\"section-container\"><div class=\"bde-columns-19-172 bde-columns\"><div class=\"bde-column-19-173 bde-column\">\n  \n  \n\t\n\n\n\n<h2 class=\"bde-heading-19-176 bde-heading\">\nKontakt\n<\/h2><div class=\"bde-icon-list-19-178 bde-icon-list\">\n<ul>\n  \n              \n    <li>\n                      \n            \n            \n\n    \n    \n    \n    \n    \n    <a class=\"breakdance-link bde-icon-list__item-wrapper\" href=\"mailto: bengalohotsauce@gmail.com\" target=\"_self\" data-type=\"url\"  >\n\n      \n      <span class='bde-icon-list__icon'>\n        <svg xmlns=\"http:\/\/www.w3.org\/2000\/svg\" viewBox=\"0 0 512 512\"><!--! Font Awesome Free 6.5.1 by @fontawesome - https:\/\/fontawesome.com License - https:\/\/fontawesome.com\/license\/free (Icons: CC BY 4.0, Fonts: SIL OFL 1.1, Code: MIT License) Copyright 2023 Fonticons, Inc. --><path d=\"M64 112c-8.8 0-16 7.2-16 16v22.1L220.5 291.7c20.7 17 50.4 17 71.1 0L464 150.1V128c0-8.8-7.2-16-16-16H64zM48 212.2V384c0 8.8 7.2 16 16 16H448c8.8 0 16-7.2 16-16V212.2L322 328.8c-38.4 31.5-93.7 31.5-132 0L48 212.2zM0 128C0 92.7 28.7 64 64 64H448c35.3 0 64 28.7 64 64V384c0 35.3-28.7 64-64 64H64c-35.3 0-64-28.7-64-64V128z\"\/><\/svg>\n      <\/span>\n      <span class='bde-icon-list__text' >\n      bengalohotsauce@gmail.com\n      <\/span>\n                  <\/a>\n\n      \n    <\/li>\n\n  \n              \n    <li>\n                      \n            \n            \n\n    \n    \n    \n    \n    \n    <a class=\"breakdance-link bde-icon-list__item-wrapper\" href=\"tel: +46763133500\" target=\"_self\" data-type=\"url\"  >\n\n      \n      <span class='bde-icon-list__icon'>\n        <svg xmlns=\"http:\/\/www.w3.org\/2000\/svg\" viewBox=\"0 0 512 512\"><!--! Font Awesome Free 6.5.1 by @fontawesome - https:\/\/fontawesome.com License - https:\/\/fontawesome.com\/license\/free (Icons: CC BY 4.0, Fonts: SIL OFL 1.1, Code: MIT License) Copyright 2023 Fonticons, Inc. --><path d=\"M280 0C408.1 0 512 103.9 512 232c0 13.3-10.7 24-24 24s-24-10.7-24-24c0-101.6-82.4-184-184-184c-13.3 0-24-10.7-24-24s10.7-24 24-24zm8 192a32 32 0 1 1 0 64 32 32 0 1 1 0-64zm-32-72c0-13.3 10.7-24 24-24c75.1 0 136 60.9 136 136c0 13.3-10.7 24-24 24s-24-10.7-24-24c0-48.6-39.4-88-88-88c-13.3 0-24-10.7-24-24zM117.5 1.4c19.4-5.3 39.7 4.6 47.4 23.2l40 96c6.8 16.3 2.1 35.2-11.6 46.3L144 207.3c33.3 70.4 90.3 127.4 160.7 160.7L345 318.7c11.2-13.7 30-18.4 46.3-11.6l96 40c18.6 7.7 28.5 28 23.2 47.4l-24 88C481.8 499.9 466 512 448 512C200.6 512 0 311.4 0 64C0 46 12.1 30.2 29.5 25.4l88-24z\"\/><\/svg>\n      <\/span>\n      <span class='bde-icon-list__text' >\n      +46 (0)76 313 35 00\n      <\/span>\n                  <\/a>\n\n      \n    <\/li>\n\n  \n              \n    <li>\n                      \n            \n            \n\n    \n    \n    \n    \n    \n    <a class=\"breakdance-link bde-icon-list__item-wrapper\" href=\"https:\/\/www.instagram.com\/bengalo_hotsauce\/\" target=\"_blank\" data-type=\"url\"  >\n\n      \n      <span class='bde-icon-list__icon'>\n        <svg xmlns=\"http:\/\/www.w3.org\/2000\/svg\" id=\"icon-instagram\" viewBox=\"0 0 32 32\">\n<path d=\"M16 2.881c4.275 0 4.781 0.019 6.462 0.094 1.563 0.069 2.406 0.331 2.969 0.55 0.744 0.288 1.281 0.638 1.837 1.194 0.563 0.563 0.906 1.094 1.2 1.838 0.219 0.563 0.481 1.412 0.55 2.969 0.075 1.688 0.094 2.194 0.094 6.463s-0.019 4.781-0.094 6.463c-0.069 1.563-0.331 2.406-0.55 2.969-0.288 0.744-0.637 1.281-1.194 1.837-0.563 0.563-1.094 0.906-1.837 1.2-0.563 0.219-1.413 0.481-2.969 0.55-1.688 0.075-2.194 0.094-6.463 0.094s-4.781-0.019-6.463-0.094c-1.563-0.069-2.406-0.331-2.969-0.55-0.744-0.288-1.281-0.637-1.838-1.194-0.563-0.563-0.906-1.094-1.2-1.837-0.219-0.563-0.481-1.413-0.55-2.969-0.075-1.688-0.094-2.194-0.094-6.463s0.019-4.781 0.094-6.463c0.069-1.563 0.331-2.406 0.55-2.969 0.288-0.744 0.638-1.281 1.194-1.838 0.563-0.563 1.094-0.906 1.838-1.2 0.563-0.219 1.412-0.481 2.969-0.55 1.681-0.075 2.188-0.094 6.463-0.094zM16 0c-4.344 0-4.887 0.019-6.594 0.094-1.7 0.075-2.869 0.35-3.881 0.744-1.056 0.412-1.95 0.956-2.837 1.85-0.894 0.888-1.438 1.781-1.85 2.831-0.394 1.019-0.669 2.181-0.744 3.881-0.075 1.713-0.094 2.256-0.094 6.6s0.019 4.887 0.094 6.594c0.075 1.7 0.35 2.869 0.744 3.881 0.413 1.056 0.956 1.95 1.85 2.837 0.887 0.887 1.781 1.438 2.831 1.844 1.019 0.394 2.181 0.669 3.881 0.744 1.706 0.075 2.25 0.094 6.594 0.094s4.888-0.019 6.594-0.094c1.7-0.075 2.869-0.35 3.881-0.744 1.050-0.406 1.944-0.956 2.831-1.844s1.438-1.781 1.844-2.831c0.394-1.019 0.669-2.181 0.744-3.881 0.075-1.706 0.094-2.25 0.094-6.594s-0.019-4.887-0.094-6.594c-0.075-1.7-0.35-2.869-0.744-3.881-0.394-1.063-0.938-1.956-1.831-2.844-0.887-0.887-1.781-1.438-2.831-1.844-1.019-0.394-2.181-0.669-3.881-0.744-1.712-0.081-2.256-0.1-6.6-0.1v0z\"\/>\n<path d=\"M16 7.781c-4.537 0-8.219 3.681-8.219 8.219s3.681 8.219 8.219 8.219 8.219-3.681 8.219-8.219c0-4.537-3.681-8.219-8.219-8.219zM16 21.331c-2.944 0-5.331-2.387-5.331-5.331s2.387-5.331 5.331-5.331c2.944 0 5.331 2.387 5.331 5.331s-2.387 5.331-5.331 5.331z\"\/>\n<path d=\"M26.462 7.456c0 1.060-0.859 1.919-1.919 1.919s-1.919-0.859-1.919-1.919c0-1.060 0.859-1.919 1.919-1.919s1.919 0.859 1.919 1.919z\"\/>\n<\/svg>\n      <\/span>\n      <span class='bde-icon-list__text' >\n      Instagram @bengalo_hotsauce\n      <\/span>\n                  <\/a>\n\n      \n    <\/li>\n\n  <\/ul>\n\n<\/div>\n<\/div><div class=\"bde-column-19-174 bde-column\">\n  \n  \n\t\n\n\n\n<img decoding=\"async\" class=\"bde-image2-19-179 bde-image2\" src=\"https:\/\/bengalosauce.se\/wp-content\/uploads\/2026\/03\/bengalo-logo-e1774795397215.png\" loading=\"lazy\" srcset=\"https:\/\/bengalosauce.se\/wp-content\/uploads\/2026\/03\/bengalo-logo-e1774795397215.png 584w, https:\/\/bengalosauce.se\/wp-content\/uploads\/2026\/03\/bengalo-logo-e1774795397215-300x210.png 300w\" sizes=\"(max-width: 584px) 100vw, 584px\">\n<\/div><\/div><\/div>\n<\/section>","protected":false},"excerpt":{"rendered":"<p>Bengalo Original Starks\u00e5s Bengalo Original \u00e4r f\u00f6rst ut, st\u00f6rst i k\u00e4ften och fortfarande den som s\u00e4tter tonen. Samma recept sedan 2020, f\u00f6r det finns ingen anledning att b\u00f6rja pilla i n\u00e5got som redan har ryggrad. Fermenterad chili, tid och naturlig j\u00e4sning ger s\u00e5sen ett djup och en syra som f\u00e5r hettan att landa r\u00e4tt. Rakt, [&hellip;]<\/p>\n","protected":false},"author":1,"featured_media":0,"parent":0,"menu_order":0,"comment_status":"closed","ping_status":"closed","template":"","meta":{"_breakdance_hide_in_design_set":false,"_breakdance_tags":"","footnotes":""},"class_list":["post-19","page","type-page","status-publish","hentry"],"_links":{"self":[{"href":"https:\/\/bengalosauce.se\/index.php?rest_route=\/wp\/v2\/pages\/19","targetHints":{"allow":["GET"]}}],"collection":[{"href":"https:\/\/bengalosauce.se\/index.php?rest_route=\/wp\/v2\/pages"}],"about":[{"href":"https:\/\/bengalosauce.se\/index.php?rest_route=\/wp\/v2\/types\/page"}],"author":[{"embeddable":true,"href":"https:\/\/bengalosauce.se\/index.php?rest_route=\/wp\/v2\/users\/1"}],"replies":[{"embeddable":true,"href":"https:\/\/bengalosauce.se\/index.php?rest_route=%2Fwp%2Fv2%2Fcomments&post=19"}],"version-history":[{"count":47,"href":"https:\/\/bengalosauce.se\/index.php?rest_route=\/wp\/v2\/pages\/19\/revisions"}],"predecessor-version":[{"id":116,"href":"https:\/\/bengalosauce.se\/index.php?rest_route=\/wp\/v2\/pages\/19\/revisions\/116"}],"wp:attachment":[{"href":"https:\/\/bengalosauce.se\/index.php?rest_route=%2Fwp%2Fv2%2Fmedia&parent=19"}],"curies":[{"name":"wp","href":"https:\/\/api.w.org\/{rel}","templated":true}]}}